{"id":1725,"date":"2024-05-08T16:32:16","date_gmt":"2024-05-08T14:32:16","guid":{"rendered":"https:\/\/www.flensburg-monteurzimmer.de\/?page_id=1725"},"modified":"2024-05-08T16:43:59","modified_gmt":"2024-05-08T14:43:59","slug":"flensburg-monteurzimmer-zahlungen-ueber-paypal","status":"publish","type":"page","link":"https:\/\/www.flensburg-monteurzimmer.de\/en\/flensburg-monteurzimmer-zahlungen-ueber-paypal\/","title":{"rendered":"PayPal"},"content":{"rendered":"<div data-elementor-type=\"wp-page\" data-elementor-id=\"1725\" class=\"elementor elementor-1725\">\n\t\t\t\t\t\t<section class=\"elementor-section elementor-top-section elementor-element elementor-element-4cd27da elementor-section-boxed elementor-section-height-default elementor-section-height-default\" data-id=\"4cd27da\" data-element_type=\"section\" data-e-type=\"section\">\n\t\t\t\t\t\t<div class=\"elementor-container elementor-column-gap-default\">\n\t\t\t\t\t<div class=\"elementor-column elementor-col-100 elementor-top-column elementor-element elementor-element-cc6f147\" data-id=\"cc6f147\" data-element_type=\"column\" data-e-type=\"column\">\n\t\t\t<div class=\"elementor-widget-wrap elementor-element-populated\">\n\t\t\t\t\t\t<div class=\"elementor-element elementor-element-c2059b2 elementor-widget elementor-widget-spacer\" data-id=\"c2059b2\" data-element_type=\"widget\" data-e-type=\"widget\" data-widget_type=\"spacer.default\">\n\t\t\t\t<div class=\"elementor-widget-container\">\n\t\t\t\t\t\t\t<div class=\"elementor-spacer\">\n\t\t\t<div class=\"elementor-spacer-inner\"><\/div>\n\t\t<\/div>\n\t\t\t\t\t\t<\/div>\n\t\t\t\t<\/div>\n\t\t\t\t<div class=\"elementor-element elementor-element-cb9a1ee elementor-widget elementor-widget-heading\" data-id=\"cb9a1ee\" data-element_type=\"widget\" data-e-type=\"widget\" data-widget_type=\"heading.default\">\n\t\t\t\t<div class=\"elementor-widget-container\">\n\t\t\t\t\t<h2 class=\"elementor-heading-title elementor-size-default\"><span style=\"font-family: Montserrat, sans-serif;font-size: 70px\">Zahlung \u00fcber<\/span><\/h2>\t\t\t\t<\/div>\n\t\t\t\t<\/div>\n\t\t\t\t<div class=\"elementor-element elementor-element-d1c4a24 elementor-widget elementor-widget-spacer\" data-id=\"d1c4a24\" data-element_type=\"widget\" data-e-type=\"widget\" data-widget_type=\"spacer.default\">\n\t\t\t\t<div class=\"elementor-widget-container\">\n\t\t\t\t\t\t\t<div class=\"elementor-spacer\">\n\t\t\t<div class=\"elementor-spacer-inner\"><\/div>\n\t\t<\/div>\n\t\t\t\t\t\t<\/div>\n\t\t\t\t<\/div>\n\t\t\t\t<div class=\"elementor-element elementor-element-4d4396d elementor-widget elementor-widget-heading\" data-id=\"4d4396d\" data-element_type=\"widget\" data-e-type=\"widget\" data-widget_type=\"heading.default\">\n\t\t\t\t<div class=\"elementor-widget-container\">\n\t\t\t\t\t<h2 class=\"elementor-heading-title elementor-size-default\"><span style=\"font-family: Montserrat, sans-serif;font-size: 70px\">PayPal<\/span><\/h2>\t\t\t\t<\/div>\n\t\t\t\t<\/div>\n\t\t\t\t\t<\/div>\n\t\t<\/div>\n\t\t\t\t\t<\/div>\n\t\t<\/section>\n\t\t\t\t<section class=\"elementor-section elementor-top-section elementor-element elementor-element-4b551e9 elementor-section-boxed elementor-section-height-default elementor-section-height-default\" data-id=\"4b551e9\" data-element_type=\"section\" data-e-type=\"section\">\n\t\t\t\t\t\t<div class=\"elementor-container elementor-column-gap-default\">\n\t\t\t\t\t<div class=\"elementor-column elementor-col-100 elementor-top-column elementor-element elementor-element-8fb5b75\" data-id=\"8fb5b75\" data-element_type=\"column\" data-e-type=\"column\">\n\t\t\t<div class=\"elementor-widget-wrap\">\n\t\t\t\t\t\t\t<\/div>\n\t\t<\/div>\n\t\t\t\t\t<\/div>\n\t\t<\/section>\n\t\t\t\t<section class=\"elementor-section elementor-top-section elementor-element elementor-element-bbc049b elementor-section-boxed elementor-section-height-default elementor-section-height-default\" data-id=\"bbc049b\" data-element_type=\"section\" data-e-type=\"section\">\n\t\t\t\t\t\t<div class=\"elementor-container elementor-column-gap-default\">\n\t\t\t\t\t<div class=\"elementor-column elementor-col-100 elementor-top-column elementor-element elementor-element-0c1cdca\" data-id=\"0c1cdca\" data-element_type=\"column\" data-e-type=\"column\">\n\t\t\t<div class=\"elementor-widget-wrap elementor-element-populated\">\n\t\t\t\t\t\t<div class=\"elementor-element elementor-element-89c264e elementor-widget elementor-widget-spacer\" data-id=\"89c264e\" data-element_type=\"widget\" data-e-type=\"widget\" data-widget_type=\"spacer.default\">\n\t\t\t\t<div class=\"elementor-widget-container\">\n\t\t\t\t\t\t\t<div class=\"elementor-spacer\">\n\t\t\t<div class=\"elementor-spacer-inner\"><\/div>\n\t\t<\/div>\n\t\t\t\t\t\t<\/div>\n\t\t\t\t<\/div>\n\t\t\t\t\t<\/div>\n\t\t<\/div>\n\t\t\t\t\t<\/div>\n\t\t<\/section>\n\t\t\t\t<\/div>","protected":false},"excerpt":{"rendered":"<p>Zahlung \u00fcber PayPal<\/p>","protected":false},"author":1,"featured_media":0,"parent":0,"menu_order":0,"comment_status":"closed","ping_status":"closed","template":"","meta":{"footnotes":""},"class_list":["post-1725","page","type-page","status-publish","hentry"],"yoast_head":"<!-- This site is optimized with the Yoast SEO plugin v22.6 - https:\/\/yoast.com\/wordpress\/plugins\/seo\/ -->\n<title>Flensburg Monteurzimmer - Zahlungen \u00fcber PayPal<\/title>\n<meta name=\"description\" content=\"Flensburg Monteurzimmer - PayPal Zahlungen Pf\u00fcr Last-Minute-Buchungen in Flensburg f\u00fcr Monteurzimmer und Monteurwohnungen.\" \/>\n<meta name=\"robots\" content=\"index, follow, max-snippet:-1, max-image-preview:large, max-video-preview:-1\" \/>\n<link rel=\"canonical\" href=\"https:\/\/www.flensburg-monteurzimmer.de\/en\/flensburg-monteurzimmer-zahlungen-ueber-paypal\/\" \/>\n<meta property=\"og:locale\" content=\"en_GB\" \/>\n<meta property=\"og:type\" content=\"article\" \/>\n<meta property=\"og:title\" content=\"Flensburg Monteurzimmer - Zahlungen \u00fcber PayPal\" \/>\n<meta property=\"og:description\" content=\"Flensburg Monteurzimmer - PayPal Zahlungen Pf\u00fcr Last-Minute-Buchungen in Flensburg f\u00fcr Monteurzimmer und Monteurwohnungen.\" \/>\n<meta property=\"og:url\" content=\"https:\/\/www.flensburg-monteurzimmer.de\/en\/flensburg-monteurzimmer-zahlungen-ueber-paypal\/\" \/>\n<meta property=\"og:site_name\" content=\"Flensburg Monteurzimmer\" \/>\n<meta property=\"article:modified_time\" content=\"2024-05-08T14:43:59+00:00\" \/>\n<meta property=\"og:image\" content=\"https:\/\/www.flensburg-monteurzimmer.de\/wp-content\/uploads\/2024\/05\/cropped-logo-ohne-text-format-angepasst-1.png\" \/>\n\t<meta property=\"og:image:width\" content=\"512\" \/>\n\t<meta property=\"og:image:height\" content=\"512\" \/>\n\t<meta property=\"og:image:type\" content=\"image\/png\" \/>\n<meta name=\"twitter:card\" content=\"summary_large_image\" \/>\n<meta name=\"twitter:label1\" content=\"Estimated reading time\" \/>\n\t<meta name=\"twitter:data1\" content=\"1 minute\" \/>\n<script type=\"application\/ld+json\" class=\"yoast-schema-graph\">{\"@context\":\"https:\/\/schema.org\",\"@graph\":[{\"@type\":\"WebPage\",\"@id\":\"https:\/\/www.flensburg-monteurzimmer.de\/flensburg-monteurzimmer-zahlungen-ueber-paypal\/\",\"url\":\"https:\/\/www.flensburg-monteurzimmer.de\/flensburg-monteurzimmer-zahlungen-ueber-paypal\/\",\"name\":\"Flensburg Monteurzimmer - Zahlungen \u00fcber PayPal\",\"isPartOf\":{\"@id\":\"https:\/\/www.flensburg-monteurzimmer.de\/#website\"},\"datePublished\":\"2024-05-08T14:32:16+00:00\",\"dateModified\":\"2024-05-08T14:43:59+00:00\",\"description\":\"Flensburg Monteurzimmer - PayPal Zahlungen Pf\u00fcr Last-Minute-Buchungen in Flensburg f\u00fcr Monteurzimmer und Monteurwohnungen.\",\"breadcrumb\":{\"@id\":\"https:\/\/www.flensburg-monteurzimmer.de\/flensburg-monteurzimmer-zahlungen-ueber-paypal\/#breadcrumb\"},\"inLanguage\":\"en-GB\",\"potentialAction\":[{\"@type\":\"ReadAction\",\"target\":[\"https:\/\/www.flensburg-monteurzimmer.de\/flensburg-monteurzimmer-zahlungen-ueber-paypal\/\"]}]},{\"@type\":\"BreadcrumbList\",\"@id\":\"https:\/\/www.flensburg-monteurzimmer.de\/flensburg-monteurzimmer-zahlungen-ueber-paypal\/#breadcrumb\",\"itemListElement\":[{\"@type\":\"ListItem\",\"position\":1,\"name\":\"Startseite\",\"item\":\"https:\/\/www.flensburg-monteurzimmer.de\/\"},{\"@type\":\"ListItem\",\"position\":2,\"name\":\"PayPal\"}]},{\"@type\":\"WebSite\",\"@id\":\"https:\/\/www.flensburg-monteurzimmer.de\/#website\",\"url\":\"https:\/\/www.flensburg-monteurzimmer.de\/\",\"name\":\"Flensburg Monteurzimmer\",\"description\":\"Monteurzimmer und Monteurapartments in Flensburg\",\"publisher\":{\"@id\":\"https:\/\/www.flensburg-monteurzimmer.de\/#organization\"},\"potentialAction\":[{\"@type\":\"SearchAction\",\"target\":{\"@type\":\"EntryPoint\",\"urlTemplate\":\"https:\/\/www.flensburg-monteurzimmer.de\/?s={search_term_string}\"},\"query-input\":\"required name=search_term_string\"}],\"inLanguage\":\"en-GB\"},{\"@type\":\"Organization\",\"@id\":\"https:\/\/www.flensburg-monteurzimmer.de\/#organization\",\"name\":\"Flensburg Monteurzimmer\",\"url\":\"https:\/\/www.flensburg-monteurzimmer.de\/\",\"logo\":{\"@type\":\"ImageObject\",\"inLanguage\":\"en-GB\",\"@id\":\"https:\/\/www.flensburg-monteurzimmer.de\/#\/schema\/logo\/image\/\",\"url\":\"https:\/\/www.flensburg-monteurzimmer.de\/wp-content\/uploads\/2022\/02\/SZ01-800.jpg\",\"contentUrl\":\"https:\/\/www.flensburg-monteurzimmer.de\/wp-content\/uploads\/2022\/02\/SZ01-800.jpg\",\"width\":800,\"height\":600,\"caption\":\"Flensburg Monteurzimmer\"},\"image\":{\"@id\":\"https:\/\/www.flensburg-monteurzimmer.de\/#\/schema\/logo\/image\/\"}}]}<\/script>\n<!-- \/ Yoast SEO plugin. -->","yoast_head_json":{"title":"Flensburg Monteurzimmer - Zahlungen \u00fcber PayPal","description":"Flensburg Monteurzimmer - PayPal Zahlungen Pf\u00fcr Last-Minute-Buchungen in Flensburg f\u00fcr Monteurzimmer und Monteurwohnungen.","robots":{"index":"index","follow":"follow","max-snippet":"max-snippet:-1","max-image-preview":"max-image-preview:large","max-video-preview":"max-video-preview:-1"},"canonical":"https:\/\/www.flensburg-monteurzimmer.de\/en\/flensburg-monteurzimmer-zahlungen-ueber-paypal\/","og_locale":"en_GB","og_type":"article","og_title":"Flensburg Monteurzimmer - Zahlungen \u00fcber PayPal","og_description":"Flensburg Monteurzimmer - PayPal Zahlungen Pf\u00fcr Last-Minute-Buchungen in Flensburg f\u00fcr Monteurzimmer und Monteurwohnungen.","og_url":"https:\/\/www.flensburg-monteurzimmer.de\/en\/flensburg-monteurzimmer-zahlungen-ueber-paypal\/","og_site_name":"Flensburg Monteurzimmer","article_modified_time":"2024-05-08T14:43:59+00:00","og_image":[{"width":512,"height":512,"url":"https:\/\/www.flensburg-monteurzimmer.de\/wp-content\/uploads\/2024\/05\/cropped-logo-ohne-text-format-angepasst-1.png","type":"image\/png"}],"twitter_card":"summary_large_image","twitter_misc":{"Estimated reading time":"1 minute"},"schema":{"@context":"https:\/\/schema.org","@graph":[{"@type":"WebPage","@id":"https:\/\/www.flensburg-monteurzimmer.de\/flensburg-monteurzimmer-zahlungen-ueber-paypal\/","url":"https:\/\/www.flensburg-monteurzimmer.de\/flensburg-monteurzimmer-zahlungen-ueber-paypal\/","name":"Flensburg Monteurzimmer - Zahlungen \u00fcber PayPal","isPartOf":{"@id":"https:\/\/www.flensburg-monteurzimmer.de\/#website"},"datePublished":"2024-05-08T14:32:16+00:00","dateModified":"2024-05-08T14:43:59+00:00","description":"Flensburg Monteurzimmer - PayPal Zahlungen Pf\u00fcr Last-Minute-Buchungen in Flensburg f\u00fcr Monteurzimmer und Monteurwohnungen.","breadcrumb":{"@id":"https:\/\/www.flensburg-monteurzimmer.de\/flensburg-monteurzimmer-zahlungen-ueber-paypal\/#breadcrumb"},"inLanguage":"en-GB","potentialAction":[{"@type":"ReadAction","target":["https:\/\/www.flensburg-monteurzimmer.de\/flensburg-monteurzimmer-zahlungen-ueber-paypal\/"]}]},{"@type":"BreadcrumbList","@id":"https:\/\/www.flensburg-monteurzimmer.de\/flensburg-monteurzimmer-zahlungen-ueber-paypal\/#breadcrumb","itemListElement":[{"@type":"ListItem","position":1,"name":"Startseite","item":"https:\/\/www.flensburg-monteurzimmer.de\/"},{"@type":"ListItem","position":2,"name":"PayPal"}]},{"@type":"WebSite","@id":"https:\/\/www.flensburg-monteurzimmer.de\/#website","url":"https:\/\/www.flensburg-monteurzimmer.de\/","name":"Flensburg Monteurzimmer","description":"Monteurzimmer und Monteurapartments in Flensburg","publisher":{"@id":"https:\/\/www.flensburg-monteurzimmer.de\/#organization"},"potentialAction":[{"@type":"SearchAction","target":{"@type":"EntryPoint","urlTemplate":"https:\/\/www.flensburg-monteurzimmer.de\/?s={search_term_string}"},"query-input":"required name=search_term_string"}],"inLanguage":"en-GB"},{"@type":"Organization","@id":"https:\/\/www.flensburg-monteurzimmer.de\/#organization","name":"Flensburg Monteurzimmer","url":"https:\/\/www.flensburg-monteurzimmer.de\/","logo":{"@type":"ImageObject","inLanguage":"en-GB","@id":"https:\/\/www.flensburg-monteurzimmer.de\/#\/schema\/logo\/image\/","url":"https:\/\/www.flensburg-monteurzimmer.de\/wp-content\/uploads\/2022\/02\/SZ01-800.jpg","contentUrl":"https:\/\/www.flensburg-monteurzimmer.de\/wp-content\/uploads\/2022\/02\/SZ01-800.jpg","width":800,"height":600,"caption":"Flensburg Monteurzimmer"},"image":{"@id":"https:\/\/www.flensburg-monteurzimmer.de\/#\/schema\/logo\/image\/"}}]}},"_links":{"self":[{"href":"https:\/\/www.flensburg-monteurzimmer.de\/en\/wp-json\/wp\/v2\/pages\/1725","targetHints":{"allow":["GET"]}}],"collection":[{"href":"https:\/\/www.flensburg-monteurzimmer.de\/en\/wp-json\/wp\/v2\/pages"}],"about":[{"href":"https:\/\/www.flensburg-monteurzimmer.de\/en\/wp-json\/wp\/v2\/types\/page"}],"author":[{"embeddable":true,"href":"https:\/\/www.flensburg-monteurzimmer.de\/en\/wp-json\/wp\/v2\/users\/1"}],"replies":[{"embeddable":true,"href":"https:\/\/www.flensburg-monteurzimmer.de\/en\/wp-json\/wp\/v2\/comments?post=1725"}],"version-history":[{"count":4,"href":"https:\/\/www.flensburg-monteurzimmer.de\/en\/wp-json\/wp\/v2\/pages\/1725\/revisions"}],"predecessor-version":[{"id":1731,"href":"https:\/\/www.flensburg-monteurzimmer.de\/en\/wp-json\/wp\/v2\/pages\/1725\/revisions\/1731"}],"wp:attachment":[{"href":"https:\/\/www.flensburg-monteurzimmer.de\/en\/wp-json\/wp\/v2\/media?parent=1725"}],"curies":[{"name":"wp","href":"https:\/\/api.w.org\/{rel}","templated":true}]}}